{"id":1962,"date":"2023-11-21T11:01:53","date_gmt":"2023-11-21T10:01:53","guid":{"rendered":"https:\/\/pwproject.org\/lukasz-2\/"},"modified":"2023-12-20T20:48:46","modified_gmt":"2023-12-20T19:48:46","slug":"lukasz-2","status":"publish","type":"page","link":"https:\/\/pwproject.org\/en\/onepage-dubaj\/lukasz-2\/","title":{"rendered":"Lukasz"},"content":{"rendered":"\t\t<div data-elementor-type=\"wp-page\" data-elementor-id=\"1962\" class=\"elementor elementor-1962 elementor-526\" data-elementor-post-type=\"page\">\n\t\t\t\t\t\t<section class=\"elementor-section elementor-top-section elementor-element elementor-element-3fd7492 elementor-section-boxed elementor-section-height-default elementor-section-height-default\" data-id=\"3fd7492\" data-element_type=\"section\" data-e-type=\"section\" data-settings=\"{&quot;background_background&quot;:&quot;classic&quot;}\">\n\t\t\t\t\t\t<div class=\"elementor-container elementor-column-gap-default\">\n\t\t\t\t\t<div class=\"elementor-column elementor-col-50 elementor-top-column elementor-element elementor-element-1d1f3b33\" data-id=\"1d1f3b33\" data-element_type=\"column\" data-e-type=\"column\">\n\t\t\t<div class=\"elementor-widget-wrap elementor-element-populated\">\n\t\t\t\t\t\t<div class=\"elementor-element elementor-element-30d7603e elementor-widget elementor-widget-image\" data-id=\"30d7603e\" data-element_type=\"widget\" data-e-type=\"widget\" data-widget_type=\"image.default\">\n\t\t\t\t<div class=\"elementor-widget-container\">\n\t\t\t\t\t\t\t\t\t\t\t\t\t\t\t<img fetchpriority=\"high\" decoding=\"async\" width=\"1707\" height=\"2560\" src=\"https:\/\/pwproject.org\/wp-content\/uploads\/2023\/11\/image_6483441-scaled.jpg\" class=\"attachment-full size-full wp-image-1677\" alt=\"\" srcset=\"https:\/\/pwproject.org\/wp-content\/uploads\/2023\/11\/image_6483441-scaled.jpg 1707w, https:\/\/pwproject.org\/wp-content\/uploads\/2023\/11\/image_6483441-200x300.jpg 200w, https:\/\/pwproject.org\/wp-content\/uploads\/2023\/11\/image_6483441-683x1024.jpg 683w, https:\/\/pwproject.org\/wp-content\/uploads\/2023\/11\/image_6483441-768x1152.jpg 768w, https:\/\/pwproject.org\/wp-content\/uploads\/2023\/11\/image_6483441-1024x1536.jpg 1024w, https:\/\/pwproject.org\/wp-content\/uploads\/2023\/11\/image_6483441-1365x2048.jpg 1365w, https:\/\/pwproject.org\/wp-content\/uploads\/2023\/11\/image_6483441-1568x2352.jpg 1568w\" sizes=\"(max-width: 1707px) 100vw, 1707px\" style=\"width:100%;height:149.97%;max-width:1707px\" \/>\t\t\t\t\t\t\t\t\t\t\t\t\t\t\t<\/div>\n\t\t\t\t<\/div>\n\t\t\t\t<div class=\"elementor-element elementor-element-689449ec elementor-vertical-align-top elementor-widget elementor-widget-image-box\" data-id=\"689449ec\" data-element_type=\"widget\" data-e-type=\"widget\" data-widget_type=\"image-box.default\">\n\t\t\t\t<div class=\"elementor-widget-container\">\n\t\t\t\t\t<div class=\"elementor-image-box-wrapper\"><div class=\"elementor-image-box-content\"><h3 class=\"elementor-image-box-title\">\u0141ukasz Godek<\/h3><p class=\"elementor-image-box-description\">VICE-CEO<\/p><\/div><\/div>\t\t\t\t<\/div>\n\t\t\t\t<\/div>\n\t\t\t\t\t<\/div>\n\t\t<\/div>\n\t\t\t\t<div class=\"elementor-column elementor-col-50 elementor-top-column elementor-element elementor-element-7a2b9f5c\" data-id=\"7a2b9f5c\" data-element_type=\"column\" data-e-type=\"column\">\n\t\t\t<div class=\"elementor-widget-wrap elementor-element-populated\">\n\t\t\t\t\t\t<div class=\"elementor-element elementor-element-7cddbe83 elementor-invisible elementor-widget elementor-widget-heading\" data-id=\"7cddbe83\" data-element_type=\"widget\" data-e-type=\"widget\" data-settings=\"{&quot;_animation&quot;:&quot;fadeInUp&quot;,&quot;_animation_delay&quot;:250}\" data-widget_type=\"heading.default\">\n\t\t\t\t<div class=\"elementor-widget-container\">\n\t\t\t\t\t<h4 class=\"elementor-heading-title elementor-size-default\">Industry Experience<\/h4>\t\t\t\t<\/div>\n\t\t\t\t<\/div>\n\t\t\t\t<section class=\"elementor-section elementor-inner-section elementor-element elementor-element-47ad2ae9 elementor-section-boxed elementor-section-height-default elementor-section-height-default\" data-id=\"47ad2ae9\" data-element_type=\"section\" data-e-type=\"section\">\n\t\t\t\t\t\t<div class=\"elementor-container elementor-column-gap-default\">\n\t\t\t\t\t<div class=\"elementor-column elementor-col-100 elementor-inner-column elementor-element elementor-element-70427d45\" data-id=\"70427d45\" data-element_type=\"column\" data-e-type=\"column\">\n\t\t\t<div class=\"elementor-widget-wrap elementor-element-populated\">\n\t\t\t\t\t\t<div class=\"elementor-element elementor-element-11617704 elementor-invisible elementor-widget elementor-widget-heading\" data-id=\"11617704\" data-element_type=\"widget\" data-e-type=\"widget\" data-settings=\"{&quot;_animation&quot;:&quot;fadeInUp&quot;}\" data-widget_type=\"heading.default\">\n\t\t\t\t<div class=\"elementor-widget-container\">\n\t\t\t\t\t<h2 class=\"elementor-heading-title elementor-size-default\">About \u0141ukasz<\/h2>\t\t\t\t<\/div>\n\t\t\t\t<\/div>\n\t\t\t\t\t<\/div>\n\t\t<\/div>\n\t\t\t\t\t<\/div>\n\t\t<\/section>\n\t\t\t\t<div class=\"elementor-element elementor-element-7d457883 elementor-widget elementor-widget-heading\" data-id=\"7d457883\" data-element_type=\"widget\" data-e-type=\"widget\" data-widget_type=\"heading.default\">\n\t\t\t\t<div class=\"elementor-widget-container\">\n\t\t\t\t\t<h6 class=\"elementor-heading-title elementor-size-default\">\u0141ukasz is&nbsp;an experienced investor and real estate market expert with international reach. He began his business activity twenty years ago&nbsp;with construction projects in&nbsp;Norway, Germany, Austria, and Poland. His portfolio includes dozens of prestigious investments, with a&nbsp;dominant emphasis on multi-family housing.  <br>\n<br>\n\nCurrently, \u0141ukasz is focusing his investment activities on&nbsp;the developing real estate market, both in Poland and internationally. He is&nbsp;particularly interested in the dynamically growing market in the United Arab Emirates, especially in Dubai \u2013 a&nbsp;city that has captivated him with its&nbsp;culture, people, climate, and favorable business conditions. <br>\n<br>\n\n\u0141ukasz Godek is&nbsp;not only a&nbsp;real estate market expert but also a&nbsp;strategic investor in&nbsp;the capital market. He actively invests in pre-IPO companies, both on NewConnect and the Warsaw Stock Exchange. His&nbsp;interests also include the cryptocurrency market and the latest technologies, with a particular focus on Artificial Intelligence (AI), demonstrating his&nbsp;orientation towards the future and continuous search for innovative solutions.  \n<\/h6>\t\t\t\t<\/div>\n\t\t\t\t<\/div>\n\t\t\t\t\t<\/div>\n\t\t<\/div>\n\t\t\t\t\t<\/div>\n\t\t<\/section>\n\t\t\t\t<\/div>\n\t\t","protected":false},"excerpt":{"rendered":"<p>\u0141ukasz Godek VICE-CEO Industry Experience About \u0141ukasz \u0141ukasz is&nbsp;an experienced investor and real estate market expert with international reach. He began his business activity twenty years ago&nbsp;with construction projects in&nbsp;Norway, Germany, Austria, and Poland. His portfolio includes dozens of prestigious investments, with a&nbsp;dominant emphasis on multi-family housing. Currently, \u0141ukasz is focusing his investment activities on&nbsp;the&hellip; <a class=\"more-link\" href=\"https:\/\/pwproject.org\/en\/onepage-dubaj\/lukasz-2\/\">Continue reading <span class=\"screen-reader-text\">Lukasz<\/span><\/a><\/p>\n","protected":false},"author":1,"featured_media":0,"parent":1964,"menu_order":0,"comment_status":"closed","ping_status":"closed","template":"elementor_header_footer","meta":{"footnotes":""},"class_list":["post-1962","page","type-page","status-publish","hentry","entry"],"yoast_head":"<!-- This site is optimized with the Yoast SEO plugin v26.9 - https:\/\/yoast.com\/product\/yoast-seo-wordpress\/ -->\n<title>Lukasz - Dubaj<\/title>\n<meta name=\"robots\" content=\"index, follow, max-snippet:-1, max-image-preview:large, max-video-preview:-1\" \/>\n<link rel=\"canonical\" href=\"https:\/\/pwproject.org\/onepage-dubaj\/lukasz-2\/\" \/>\n<meta property=\"og:locale\" content=\"en_US\" \/>\n<meta property=\"og:type\" content=\"article\" \/>\n<meta property=\"og:title\" content=\"Lukasz - Dubaj\" \/>\n<meta property=\"og:description\" content=\"\u0141ukasz Godek VICE-CEO Industry Experience About \u0141ukasz \u0141ukasz is&nbsp;an experienced investor and real estate market expert with international reach. He began his business activity twenty years ago&nbsp;with construction projects in&nbsp;Norway, Germany, Austria, and Poland. His portfolio includes dozens of prestigious investments, with a&nbsp;dominant emphasis on multi-family housing. Currently, \u0141ukasz is focusing his investment activities on&nbsp;the&hellip; Continue reading Lukasz\" \/>\n<meta property=\"og:url\" content=\"https:\/\/pwproject.org\/onepage-dubaj\/lukasz-2\/\" \/>\n<meta property=\"og:site_name\" content=\"Dubaj\" \/>\n<meta property=\"article:modified_time\" content=\"2023-12-20T19:48:46+00:00\" \/>\n<meta property=\"og:image\" content=\"https:\/\/pwproject.org\/wp-content\/uploads\/2023\/11\/image_6483441-scaled.jpg\" \/>\n<meta name=\"twitter:card\" content=\"summary_large_image\" \/>\n<meta name=\"twitter:label1\" content=\"Est. reading time\" \/>\n\t<meta name=\"twitter:data1\" content=\"1 minute\" \/>\n<script type=\"application\/ld+json\" class=\"yoast-schema-graph\">{\"@context\":\"https:\/\/schema.org\",\"@graph\":[{\"@type\":\"WebPage\",\"@id\":\"https:\/\/pwproject.org\/onepage-dubaj\/lukasz-2\/\",\"url\":\"https:\/\/pwproject.org\/onepage-dubaj\/lukasz-2\/\",\"name\":\"Lukasz - Dubaj\",\"isPartOf\":{\"@id\":\"https:\/\/pwproject.org\/#website\"},\"primaryImageOfPage\":{\"@id\":\"https:\/\/pwproject.org\/onepage-dubaj\/lukasz-2\/#primaryimage\"},\"image\":{\"@id\":\"https:\/\/pwproject.org\/onepage-dubaj\/lukasz-2\/#primaryimage\"},\"thumbnailUrl\":\"https:\/\/pwproject.org\/wp-content\/uploads\/2023\/11\/image_6483441-scaled.jpg\",\"datePublished\":\"2023-11-21T10:01:53+00:00\",\"dateModified\":\"2023-12-20T19:48:46+00:00\",\"breadcrumb\":{\"@id\":\"https:\/\/pwproject.org\/onepage-dubaj\/lukasz-2\/#breadcrumb\"},\"inLanguage\":\"en-US\",\"potentialAction\":[{\"@type\":\"ReadAction\",\"target\":[\"https:\/\/pwproject.org\/onepage-dubaj\/lukasz-2\/\"]}]},{\"@type\":\"ImageObject\",\"inLanguage\":\"en-US\",\"@id\":\"https:\/\/pwproject.org\/onepage-dubaj\/lukasz-2\/#primaryimage\",\"url\":\"https:\/\/pwproject.org\/wp-content\/uploads\/2023\/11\/image_6483441-scaled.jpg\",\"contentUrl\":\"https:\/\/pwproject.org\/wp-content\/uploads\/2023\/11\/image_6483441-scaled.jpg\"},{\"@type\":\"BreadcrumbList\",\"@id\":\"https:\/\/pwproject.org\/onepage-dubaj\/lukasz-2\/#breadcrumb\",\"itemListElement\":[{\"@type\":\"ListItem\",\"position\":1,\"name\":\"Strona g\u0142\u00f3wna\",\"item\":\"https:\/\/pwproject.org\/\"},{\"@type\":\"ListItem\",\"position\":2,\"name\":\"OnePage-Dubaj_en\",\"item\":\"https:\/\/pwproject.org\/\"},{\"@type\":\"ListItem\",\"position\":3,\"name\":\"Lukasz\"}]},{\"@type\":\"WebSite\",\"@id\":\"https:\/\/pwproject.org\/#website\",\"url\":\"https:\/\/pwproject.org\/\",\"name\":\"Dubaj\",\"description\":\"\",\"potentialAction\":[{\"@type\":\"SearchAction\",\"target\":{\"@type\":\"EntryPoint\",\"urlTemplate\":\"https:\/\/pwproject.org\/?s={search_term_string}\"},\"query-input\":{\"@type\":\"PropertyValueSpecification\",\"valueRequired\":true,\"valueName\":\"search_term_string\"}}],\"inLanguage\":\"en-US\"}]}<\/script>\n<!-- \/ Yoast SEO plugin. -->","yoast_head_json":{"title":"Lukasz - Dubaj","robots":{"index":"index","follow":"follow","max-snippet":"max-snippet:-1","max-image-preview":"max-image-preview:large","max-video-preview":"max-video-preview:-1"},"canonical":"https:\/\/pwproject.org\/onepage-dubaj\/lukasz-2\/","og_locale":"en_US","og_type":"article","og_title":"Lukasz - Dubaj","og_description":"\u0141ukasz Godek VICE-CEO Industry Experience About \u0141ukasz \u0141ukasz is&nbsp;an experienced investor and real estate market expert with international reach. He began his business activity twenty years ago&nbsp;with construction projects in&nbsp;Norway, Germany, Austria, and Poland. His portfolio includes dozens of prestigious investments, with a&nbsp;dominant emphasis on multi-family housing. Currently, \u0141ukasz is focusing his investment activities on&nbsp;the&hellip; Continue reading Lukasz","og_url":"https:\/\/pwproject.org\/onepage-dubaj\/lukasz-2\/","og_site_name":"Dubaj","article_modified_time":"2023-12-20T19:48:46+00:00","og_image":[{"url":"https:\/\/pwproject.org\/wp-content\/uploads\/2023\/11\/image_6483441-scaled.jpg","type":"","width":"","height":""}],"twitter_card":"summary_large_image","twitter_misc":{"Est. reading time":"1 minute"},"schema":{"@context":"https:\/\/schema.org","@graph":[{"@type":"WebPage","@id":"https:\/\/pwproject.org\/onepage-dubaj\/lukasz-2\/","url":"https:\/\/pwproject.org\/onepage-dubaj\/lukasz-2\/","name":"Lukasz - Dubaj","isPartOf":{"@id":"https:\/\/pwproject.org\/#website"},"primaryImageOfPage":{"@id":"https:\/\/pwproject.org\/onepage-dubaj\/lukasz-2\/#primaryimage"},"image":{"@id":"https:\/\/pwproject.org\/onepage-dubaj\/lukasz-2\/#primaryimage"},"thumbnailUrl":"https:\/\/pwproject.org\/wp-content\/uploads\/2023\/11\/image_6483441-scaled.jpg","datePublished":"2023-11-21T10:01:53+00:00","dateModified":"2023-12-20T19:48:46+00:00","breadcrumb":{"@id":"https:\/\/pwproject.org\/onepage-dubaj\/lukasz-2\/#breadcrumb"},"inLanguage":"en-US","potentialAction":[{"@type":"ReadAction","target":["https:\/\/pwproject.org\/onepage-dubaj\/lukasz-2\/"]}]},{"@type":"ImageObject","inLanguage":"en-US","@id":"https:\/\/pwproject.org\/onepage-dubaj\/lukasz-2\/#primaryimage","url":"https:\/\/pwproject.org\/wp-content\/uploads\/2023\/11\/image_6483441-scaled.jpg","contentUrl":"https:\/\/pwproject.org\/wp-content\/uploads\/2023\/11\/image_6483441-scaled.jpg"},{"@type":"BreadcrumbList","@id":"https:\/\/pwproject.org\/onepage-dubaj\/lukasz-2\/#breadcrumb","itemListElement":[{"@type":"ListItem","position":1,"name":"Strona g\u0142\u00f3wna","item":"https:\/\/pwproject.org\/"},{"@type":"ListItem","position":2,"name":"OnePage-Dubaj_en","item":"https:\/\/pwproject.org\/"},{"@type":"ListItem","position":3,"name":"Lukasz"}]},{"@type":"WebSite","@id":"https:\/\/pwproject.org\/#website","url":"https:\/\/pwproject.org\/","name":"Dubaj","description":"","potentialAction":[{"@type":"SearchAction","target":{"@type":"EntryPoint","urlTemplate":"https:\/\/pwproject.org\/?s={search_term_string}"},"query-input":{"@type":"PropertyValueSpecification","valueRequired":true,"valueName":"search_term_string"}}],"inLanguage":"en-US"}]}},"_links":{"self":[{"href":"https:\/\/pwproject.org\/en\/wp-json\/wp\/v2\/pages\/1962","targetHints":{"allow":["GET"]}}],"collection":[{"href":"https:\/\/pwproject.org\/en\/wp-json\/wp\/v2\/pages"}],"about":[{"href":"https:\/\/pwproject.org\/en\/wp-json\/wp\/v2\/types\/page"}],"author":[{"embeddable":true,"href":"https:\/\/pwproject.org\/en\/wp-json\/wp\/v2\/users\/1"}],"replies":[{"embeddable":true,"href":"https:\/\/pwproject.org\/en\/wp-json\/wp\/v2\/comments?post=1962"}],"version-history":[{"count":34,"href":"https:\/\/pwproject.org\/en\/wp-json\/wp\/v2\/pages\/1962\/revisions"}],"predecessor-version":[{"id":2335,"href":"https:\/\/pwproject.org\/en\/wp-json\/wp\/v2\/pages\/1962\/revisions\/2335"}],"up":[{"embeddable":true,"href":"https:\/\/pwproject.org\/en\/wp-json\/wp\/v2\/pages\/1964"}],"wp:attachment":[{"href":"https:\/\/pwproject.org\/en\/wp-json\/wp\/v2\/media?parent=1962"}],"curies":[{"name":"wp","href":"https:\/\/api.w.org\/{rel}","templated":true}]}}